{"id":26633,"date":"2024-12-30T07:32:11","date_gmt":"2024-12-30T07:32:11","guid":{"rendered":"https:\/\/www.casaelgroup.com\/?page_id=26633"},"modified":"2024-12-30T07:40:05","modified_gmt":"2024-12-30T07:40:05","slug":"buy-and-sell-homes-in-tel-aviv","status":"publish","type":"page","link":"https:\/\/www.casaelgroup.com\/fr\/buy-and-sell-homes-in-tel-aviv\/","title":{"rendered":"Buy and Sell homes in Tel Aviv"},"content":{"rendered":"\t\t<div data-elementor-type=\"wp-page\" data-elementor-id=\"26633\" class=\"elementor elementor-26633\">\n\t\t\t\t\t\t<section class=\"elementor-section elementor-top-section elementor-element elementor-element-77cf5b1 elementor-section-height-min-height animated-slow elementor-section-boxed elementor-section-height-default elementor-section-items-middle elementor-invisible\" data-id=\"77cf5b1\" data-element_type=\"section\" data-e-type=\"section\" data-settings=\"{&quot;background_background&quot;:&quot;classic&quot;,&quot;animation&quot;:&quot;fadeIn&quot;}\">\n\t\t\t\t\t\t\t<div class=\"elementor-background-overlay\"><\/div>\n\t\t\t\t\t\t\t<div class=\"elementor-container elementor-column-gap-default\">\n\t\t\t\t\t<div class=\"elementor-column elementor-col-100 elementor-top-column elementor-element elementor-element-1f77615\" data-id=\"1f77615\" data-element_type=\"column\" data-e-type=\"column\">\n\t\t\t<div class=\"elementor-widget-wrap elementor-element-populated\">\n\t\t\t\t\t\t<div class=\"elementor-element elementor-element-504e467 elementor-widget elementor-widget-heading\" data-id=\"504e467\" data-element_type=\"widget\" data-e-type=\"widget\" data-widget_type=\"heading.default\">\n\t\t\t\t<div class=\"elementor-widget-container\">\n\t\t\t\t\t<h1 class=\"elementor-heading-title elementor-size-default\">Buy and Sell homes in Tel Aviv<\/h1>\t\t\t\t<\/div>\n\t\t\t\t<\/div>\n\t\t\t\t\t<\/div>\n\t\t<\/div>\n\t\t\t\t\t<\/div>\n\t\t<\/section>\n\t\t\t\t<section class=\"elementor-section elementor-top-section elementor-element elementor-element-0670048 elementor-section-boxed elementor-section-height-default elementor-section-height-default\" data-id=\"0670048\" data-element_type=\"section\" data-e-type=\"section\">\n\t\t\t\t\t\t<div class=\"elementor-container elementor-column-gap-default\">\n\t\t\t\t\t<div class=\"elementor-column elementor-col-100 elementor-top-column elementor-element elementor-element-cdef4bb\" data-id=\"cdef4bb\" data-element_type=\"column\" data-e-type=\"column\">\n\t\t\t<div class=\"elementor-widget-wrap elementor-element-populated\">\n\t\t\t\t\t\t<div class=\"elementor-element elementor-element-89dd948 elementor-widget elementor-widget-text-editor\" data-id=\"89dd948\" data-element_type=\"widget\" data-e-type=\"widget\" data-widget_type=\"text-editor.default\">\n\t\t\t\t<div class=\"elementor-widget-container\">\n\t\t\t\t\t\t\t\t\t<h2><strong>Buy and Sell homes in Tel Aviv<\/strong><\/h2><p>Looking to <strong>buy and sell homes in Tel Aviv<\/strong>? Casael Group is your trusted partner for navigating the dynamic Tel Aviv real estate market. Whether you&#8217;re searching for your dream home or looking to sell a property for the best price, our experienced team of professionals offers comprehensive services to guide you through every step of the process.<\/p><h4><strong>Why Choose Casael Group to Buy and Sell Homes in Tel Aviv?<\/strong><\/h4><p>Tel Aviv is one of the most sought-after cities in the world, with a real estate market that is both competitive and fast-paced. Whether you&#8217;re buying your first home or selling a property as an investment, Casael Group makes the experience seamless and stress-free.<\/p><h4><strong>Key Benefits of Working with Casael Group:<\/strong><\/h4><ol><li><strong>Expert Market Insights<\/strong>: Our team has in-depth knowledge of Tel Aviv&#8217;s real estate market, ensuring you get the best deal whether you&#8217;re buying or selling. We provide accurate pricing, current market trends, and investment advice that will give you the competitive edge.<\/li><li><strong>End-to-End Support<\/strong>: Casael Group offers a full range of services to ensure your transaction goes smoothly. From initial property search and listing to closing, our team supports you every step of the way.<\/li><li><strong>Tailored Solutions<\/strong>: We understand that every client has different needs. Whether you&#8217;re a first-time homebuyer, a seasoned investor, or looking to sell a family home, we provide personalized solutions to match your specific goals.<\/li><\/ol><h4><strong>Buy Homes in Tel Aviv<\/strong><\/h4><p>When buying a home in Tel Aviv, Casael Group offers access to a wide variety of properties, including luxury apartments, family homes, and investment properties. Our listings are updated regularly, so you can explore the best options available in the city&#8217;s most desirable neighborhoods.<\/p><h4><strong>Sell Homes in Tel Aviv<\/strong><\/h4><p>If you&#8217;re looking to sell a home in Tel Aviv, Casael Group provides professional valuation services and marketing strategies to ensure your property gets maximum exposure and the best possible price.<\/p><p><strong>For more details and coordination, contact:<\/strong><\/p><p>Shalom :<a href=\"tel:&quot;054-6330521&quot;;\"> 054-6330521<\/a><\/p><p>Noam: <a href=\"tel:&quot;054-7791193&quot;;\">054-7791193<\/a><\/p><p>Or leave a WhatsApp message in the link \ud83d\udc47<br \/><a href=\"http:\/\/wa.me\/972546330521\">wa.me\/972546330521<\/a><\/p><p>Welcome to visit our website:<br \/><a href=\"https:\/\/www.casaelgroup.com\/\">www.casaelgroup.com<\/a><\/p><p>Our address is <a href=\"https:\/\/maps.app.goo.gl\/Eonv2nqhmTc2daC69\">97 Ben Yehuda St. Tel Aviv<\/a><\/p>\t\t\t\t\t\t\t\t<\/div>\n\t\t\t\t<\/div>\n\t\t\t\t\t<\/div>\n\t\t<\/div>\n\t\t\t\t\t<\/div>\n\t\t<\/section>\n\t\t\t\t<section class=\"elementor-section elementor-top-section elementor-element elementor-element-19f4d6e elementor-section-boxed elementor-section-height-default elementor-section-height-default\" data-id=\"19f4d6e\" data-element_type=\"section\" data-e-type=\"section\">\n\t\t\t\t\t\t<div class=\"elementor-container elementor-column-gap-default\">\n\t\t\t\t\t<div class=\"elementor-column elementor-col-100 elementor-top-column elementor-element elementor-element-61bd213\" data-id=\"61bd213\" data-element_type=\"column\" data-e-type=\"column\">\n\t\t\t<div class=\"elementor-widget-wrap elementor-element-populated\">\n\t\t\t\t\t\t<div class=\"elementor-element elementor-element-dadae94 elementor-widget elementor-widget-houzez_elementor_properties\" data-id=\"dadae94\" data-element_type=\"widget\" data-e-type=\"widget\" data-widget_type=\"houzez_elementor_properties.default\">\n\t\t\t\t<div class=\"elementor-widget-container\">\n\t\t\t\t\t\t\t\r\n\t\t<div id=\"properties_module_section\" class=\"property-cards-module property-cards-module-v1 property-cards-module-3-cols\">\r\n\t\t\t<div id=\"module_properties\" class=\"listing-view grid-view card-deck grid-view-3-cols\">\r\n\t\t\t\t<div class=\"item-listing-wrap hz-item-gallery-js card\" data-hz-id=\"hz-28697\" data-images=\"[{&quot;image&quot;:&quot;https:\\\/\\\/www.casaelgroup.com\\\/wp-content\\\/uploads\\\/2025\\\/12\\\/\\u05e9\\u05e2\\u05e8-\\u05e8\\u05e0\\u05d3\\u05d4-\\u05d5\\u05d5-pdf.jpg&quot;,&quot;alt&quot;:&quot;&quot;},{&quot;image&quot;:&quot;https:\\\/\\\/www.casaelgroup.com\\\/wp-content\\\/uploads\\\/2025\\\/12\\\/WhatsApp-Image-2025-12-29-at-14.07.40-592x444.jpeg&quot;,&quot;alt&quot;:&quot;&quot;},{&quot;image&quot;:&quot;https:\\\/\\\/www.casaelgroup.com\\\/wp-content\\\/uploads\\\/2025\\\/12\\\/2-592x444.png&quot;,&quot;alt&quot;:&quot;&quot;}]\">\n\t<div class=\"item-wrap item-wrap-v1 item-wrap-no-frame h-100\">\n\t\t<div class=\"d-flex align-items-center h-100\">\n\t\t\t<div class=\"item-header\">\n\t\t\t\t\t\t\t\t<div class=\"labels-wrap labels-right\"> \n\n\t<a href=\"https:\/\/www.casaelgroup.com\/fr\/status\/a-vendre\/\" class=\"label-status label status-color-29\">\n\t\t\t\t\tFor Sale\n\t\t\t\t<\/a><a href=\"https:\/\/www.casaelgroup.com\/fr\/status\/nouvelle-construction\/\" class=\"label-status label status-color-42\">\n\t\t\t\t\tNew Costruction\n\t\t\t\t<\/a><a href=\"https:\/\/www.casaelgroup.com\/fr\/label\/offre-speciale\/\" class=\"hz-label label label-color-32\">\n\t\t\t\t\tHot Offer\n\t\t\t\t<\/a>       \n\n<\/div>\n\t\t\t\t<ul class=\"item-price-wrap hide-on-list\">\n\t<li class=\"item-price item-price-text\"><\/li><\/ul>\t\t\t\t<ul class=\"item-tools\">\n\n        <li class=\"item-tool item-preview\">\n        <span class=\"hz-show-lightbox-js\" data-listid=\"28697\" data-toggle=\"tooltip\" data-placement=\"top\" title=\"Preview\">\n                <i class=\"houzez-icon icon-expand-3\"><\/i>   \n        <\/span><!-- item-tool-favorite -->\n    <\/li><!-- item-tool -->\n        \n        <li class=\"item-tool item-favorite\">\n        <span class=\"add-favorite-js item-tool-favorite\" data-toggle=\"tooltip\" data-placement=\"top\" title=\"Favourite\" data-listid=\"28697\">\n            <i class=\"houzez-icon icon-love-it \"><\/i> \n        <\/span><!-- item-tool-favorite -->\n    <\/li><!-- item-tool -->\n    \n        <li class=\"item-tool item-compare\">\n        <span class=\"houzez_compare compare-28697 item-tool-compare show-compare-panel\" data-toggle=\"tooltip\" data-placement=\"top\" title=\"Add to Compare\" data-listing_id=\"28697\" data-listing_image=\"https:\/\/www.casaelgroup.com\/wp-content\/uploads\/2025\/12\/\u05e9\u05e2\u05e8-\u05e8\u05e0\u05d3\u05d4-\u05d5\u05d5-pdf.jpg\">\n            <i class=\"houzez-icon icon-add-circle\"><\/i>\n        <\/span><!-- item-tool-compare -->\n    <\/li><!-- item-tool -->\n    <\/ul><!-- item-tools -->\n\t\t\t\t<div class=\"listing-image-wrap\">\n\t<div class=\"listing-thumb\">\n\t\t<a target=_self href=\"https:\/\/www.casaelgroup.com\/fr\/property\/rendez-vous-new-project-in-abarbanel-6-8-st-tel-aviv\/\" class=\"listing-featured-thumb hover-effect\">\n\t\t\t<img fetchpriority=\"high\" decoding=\"async\" width=\"592\" height=\"418\" src=\"https:\/\/www.casaelgroup.com\/wp-content\/uploads\/2025\/12\/\u05e9\u05e2\u05e8-\u05e8\u05e0\u05d3\u05d4-\u05d5\u05d5-pdf.jpg\" class=\"img-fluid wp-post-image\" alt=\"\" \/>\t\t<\/a><!-- hover-effect -->\n\t<\/div>\n<\/div>\n\t\t\t\t<div class=\"preview_loader\"><\/div>\n\t\t\t<\/div><!-- item-header -->\t\n\t\t\t<div class=\"item-body flex-grow-1\">\n\t\t\t\t<div class=\"labels-wrap labels-right\"> \n\n\t<a href=\"https:\/\/www.casaelgroup.com\/fr\/status\/a-vendre\/\" class=\"label-status label status-color-29\">\n\t\t\t\t\tFor Sale\n\t\t\t\t<\/a><a href=\"https:\/\/www.casaelgroup.com\/fr\/status\/nouvelle-construction\/\" class=\"label-status label status-color-42\">\n\t\t\t\t\tNew Costruction\n\t\t\t\t<\/a><a href=\"https:\/\/www.casaelgroup.com\/fr\/label\/offre-speciale\/\" class=\"hz-label label label-color-32\">\n\t\t\t\t\tHot Offer\n\t\t\t\t<\/a>       \n\n<\/div>\n\t\t\t\t<h2 class=\"item-title\">\n\t<a target=_self href=\"https:\/\/www.casaelgroup.com\/fr\/property\/rendez-vous-new-project-in-abarbanel-6-8-st-tel-aviv\/\">&#8220;Rendez-Vous&#8221; New Project In Abarbanel 6-8 st, Tel Aviv<\/a>\n<\/h2><!-- item-title -->\t\t\t\t<ul class=\"item-price-wrap hide-on-list\">\n\t<li class=\"item-price item-price-text\"><\/li><\/ul>\t\t\t\t<address class=\"item-address\"><\/address>\t\t\t\t<ul class=\"item-amenities item-amenities-with-icons\">\n\t<li class=\"h-type\"><span>Apartments<\/span><\/li><\/ul>\t\t\t\t<a class=\"btn btn-primary btn-item \" target=_self href=\"https:\/\/www.casaelgroup.com\/fr\/property\/rendez-vous-new-project-in-abarbanel-6-8-st-tel-aviv\/\">\n\tDetails<\/a><!-- btn-item -->\n\t\t\t\t<div class=\"item-author\">\n\t<i class=\"houzez-icon icon-single-neutral mr-1\"><\/i>\n\t<a href=\"https:\/\/www.casaelgroup.com\/fr\/author\/chalom-haddad\/\">chalom.haddad<\/a> <\/div><!-- item-author -->\n\t\t\t\t<div class=\"item-date\">\n\t<i class=\"houzez-icon icon-attachment mr-1\"><\/i>\n\til y a4 mois<\/div><!-- item-date -->\n\t\t\t<\/div><!-- item-body -->\n\n\t\t\t\t\t\t<div class=\"item-footer clearfix\">\n\t\t\t\t<div class=\"item-author\">\n\t<i class=\"houzez-icon icon-single-neutral mr-1\"><\/i>\n\t<a href=\"https:\/\/www.casaelgroup.com\/fr\/author\/chalom-haddad\/\">chalom.haddad<\/a> <\/div><!-- item-author -->\n\t\t\t\t<div class=\"item-date\">\n\t<i class=\"houzez-icon icon-attachment mr-1\"><\/i>\n\til y a4 mois<\/div><!-- item-date -->\n\t\t\t<\/div>\n\t\t\t\t\t<\/div><!-- d-flex -->\n\t<\/div><!-- item-wrap -->\n<\/div><!-- item-listing-wrap -->\r\n\t\t\t<\/div><!-- listing-view -->\r\n\r\n\t\t\t\t\t\t\t<div id=\"fave-pagination-loadmore\" class=\"load-more-wrap fave-load-more\">\r\n                    <a class=\"btn btn-primary-outlined btn-load-more\"  \r\n                    data-paged=\"2\" \r\n                    data-prop-limit=\"9\" \r\n                    data-card=\"item-v1\" \r\n                    data-type=\"\" \r\n                    data-status=\"\" \r\n                    data-state=\"\" \r\n                    data-city=\"\" \r\n                    data-country=\"\" \r\n                    data-area=\"\" \r\n                    data-label=\"\" \r\n                    data-user-role=\"\" \r\n                    data-featured-prop=\"\" \r\n                    data-offset=\"\"\r\n                    data-sortby=\"\"\r\n                    href=\"#\">\r\n                    \t<span class=\"btn-loader houzez-loader-js\"><\/span>                    \tCharger plus\t\t\r\n                    <\/a>               \r\n\t\t\t\t<\/div><!-- load-more-wrap -->\r\n\t\t\t\t\t<\/div><!-- property-grid-module -->\r\n\r\n\t\t\t\t\t\t<\/div>\n\t\t\t\t<\/div>\n\t\t\t\t\t<\/div>\n\t\t<\/div>\n\t\t\t\t\t<\/div>\n\t\t<\/section>\n\t\t\t\t<\/div>\n\t\t","protected":false},"excerpt":{"rendered":"<p>Buy and Sell homes in Tel Aviv Buy and Sell homes in Tel Aviv Looking to buy and sell homes in Tel Aviv? Casael Group is your trusted partner for navigating the dynamic Tel Aviv real estate market. Whether you&#8217;re searching for your dream home or looking to sell a property for the best price, [&hellip;]<\/p>\n","protected":false},"author":2,"featured_media":26634,"parent":0,"menu_order":0,"comment_status":"closed","ping_status":"closed","template":"elementor_header_footer","meta":{"footnotes":""},"class_list":["post-26633","page","type-page","status-publish","has-post-thumbnail","hentry"],"yoast_head":"<!-- This site is optimized with the Yoast SEO plugin v27.5 - https:\/\/yoast.com\/product\/yoast-seo-wordpress\/ -->\n<title>Buy and Sell homes in Tel Aviv - Casael Group<\/title>\n<meta name=\"description\" content=\"Buy and sell homes in Tel Aviv with Casael Group, offering expert guidance and a wide range of properties to meet your needs.\" \/>\n<meta name=\"robots\" content=\"index, follow, max-snippet:-1, max-image-preview:large, max-video-preview:-1\" \/>\n<link rel=\"canonical\" href=\"https:\/\/www.casaelgroup.com\/fr\/buy-and-sell-homes-in-tel-aviv\/\" \/>\n<meta property=\"og:locale\" content=\"fr_FR\" \/>\n<meta property=\"og:type\" content=\"article\" \/>\n<meta property=\"og:title\" content=\"Buy and Sell homes in Tel Aviv - Casael Group\" \/>\n<meta property=\"og:description\" content=\"Buy and sell homes in Tel Aviv with Casael Group, offering expert guidance and a wide range of properties to meet your needs.\" \/>\n<meta property=\"og:url\" content=\"https:\/\/www.casaelgroup.com\/fr\/buy-and-sell-homes-in-tel-aviv\/\" \/>\n<meta property=\"og:site_name\" content=\"Casael Group\" \/>\n<meta property=\"article:publisher\" content=\"https:\/\/facebook.com\/casaelbychalomhaddad\" \/>\n<meta property=\"article:modified_time\" content=\"2024-12-30T07:40:05+00:00\" \/>\n<meta property=\"og:image\" content=\"https:\/\/www.casaelgroup.com\/wp-content\/uploads\/2024\/12\/Buy-and-Sell-homes-in-Tel-Aviv.webp\" \/>\n\t<meta property=\"og:image:width\" content=\"760\" \/>\n\t<meta property=\"og:image:height\" content=\"470\" \/>\n\t<meta property=\"og:image:type\" content=\"image\/webp\" \/>\n<meta name=\"twitter:card\" content=\"summary_large_image\" \/>\n<meta name=\"twitter:label1\" content=\"Dur\u00e9e de lecture estim\u00e9e\" \/>\n\t<meta name=\"twitter:data1\" content=\"6 minutes\" \/>\n<script type=\"application\/ld+json\" class=\"yoast-schema-graph\">{\"@context\":\"https:\\\/\\\/schema.org\",\"@graph\":[{\"@type\":\"WebPage\",\"@id\":\"https:\\\/\\\/www.casaelgroup.com\\\/buy-and-sell-homes-in-tel-aviv\\\/\",\"url\":\"https:\\\/\\\/www.casaelgroup.com\\\/buy-and-sell-homes-in-tel-aviv\\\/\",\"name\":\"Buy and Sell homes in Tel Aviv - Casael Group\",\"isPartOf\":{\"@id\":\"https:\\\/\\\/www.casaelgroup.com\\\/#website\"},\"primaryImageOfPage\":{\"@id\":\"https:\\\/\\\/www.casaelgroup.com\\\/buy-and-sell-homes-in-tel-aviv\\\/#primaryimage\"},\"image\":{\"@id\":\"https:\\\/\\\/www.casaelgroup.com\\\/buy-and-sell-homes-in-tel-aviv\\\/#primaryimage\"},\"thumbnailUrl\":\"https:\\\/\\\/www.casaelgroup.com\\\/wp-content\\\/uploads\\\/2024\\\/12\\\/Buy-and-Sell-homes-in-Tel-Aviv.webp\",\"datePublished\":\"2024-12-30T07:32:11+00:00\",\"dateModified\":\"2024-12-30T07:40:05+00:00\",\"description\":\"Buy and sell homes in Tel Aviv with Casael Group, offering expert guidance and a wide range of properties to meet your needs.\",\"breadcrumb\":{\"@id\":\"https:\\\/\\\/www.casaelgroup.com\\\/buy-and-sell-homes-in-tel-aviv\\\/#breadcrumb\"},\"inLanguage\":\"fr-FR\",\"potentialAction\":[{\"@type\":\"ReadAction\",\"target\":[\"https:\\\/\\\/www.casaelgroup.com\\\/buy-and-sell-homes-in-tel-aviv\\\/\"]}]},{\"@type\":\"ImageObject\",\"inLanguage\":\"fr-FR\",\"@id\":\"https:\\\/\\\/www.casaelgroup.com\\\/buy-and-sell-homes-in-tel-aviv\\\/#primaryimage\",\"url\":\"https:\\\/\\\/www.casaelgroup.com\\\/wp-content\\\/uploads\\\/2024\\\/12\\\/Buy-and-Sell-homes-in-Tel-Aviv.webp\",\"contentUrl\":\"https:\\\/\\\/www.casaelgroup.com\\\/wp-content\\\/uploads\\\/2024\\\/12\\\/Buy-and-Sell-homes-in-Tel-Aviv.webp\",\"width\":760,\"height\":470,\"caption\":\"Buy and Sell homes in Tel Aviv\"},{\"@type\":\"BreadcrumbList\",\"@id\":\"https:\\\/\\\/www.casaelgroup.com\\\/buy-and-sell-homes-in-tel-aviv\\\/#breadcrumb\",\"itemListElement\":[{\"@type\":\"ListItem\",\"position\":1,\"name\":\"Home\",\"item\":\"https:\\\/\\\/www.casaelgroup.com\\\/\"},{\"@type\":\"ListItem\",\"position\":2,\"name\":\"Buy and Sell homes in Tel Aviv\"}]},{\"@type\":\"WebSite\",\"@id\":\"https:\\\/\\\/www.casaelgroup.com\\\/#website\",\"url\":\"https:\\\/\\\/www.casaelgroup.com\\\/\",\"name\":\"Casael Group\",\"description\":\"Casael Group is the best Real Estate company where you can find any property at any place for sale and rent according to your budget.\",\"publisher\":{\"@id\":\"https:\\\/\\\/www.casaelgroup.com\\\/#organization\"},\"potentialAction\":[{\"@type\":\"SearchAction\",\"target\":{\"@type\":\"EntryPoint\",\"urlTemplate\":\"https:\\\/\\\/www.casaelgroup.com\\\/?s={search_term_string}\"},\"query-input\":{\"@type\":\"PropertyValueSpecification\",\"valueRequired\":true,\"valueName\":\"search_term_string\"}}],\"inLanguage\":\"fr-FR\"},{\"@type\":\"Organization\",\"@id\":\"https:\\\/\\\/www.casaelgroup.com\\\/#organization\",\"name\":\"Casael Group\",\"url\":\"https:\\\/\\\/www.casaelgroup.com\\\/\",\"logo\":{\"@type\":\"ImageObject\",\"inLanguage\":\"fr-FR\",\"@id\":\"https:\\\/\\\/www.casaelgroup.com\\\/#\\\/schema\\\/logo\\\/image\\\/\",\"url\":\"https:\\\/\\\/www.casaelgroup.com\\\/wp-content\\\/uploads\\\/2022\\\/04\\\/pic12.webp\",\"contentUrl\":\"https:\\\/\\\/www.casaelgroup.com\\\/wp-content\\\/uploads\\\/2022\\\/04\\\/pic12.webp\",\"width\":1257,\"height\":912,\"caption\":\"Casael Group\"},\"image\":{\"@id\":\"https:\\\/\\\/www.casaelgroup.com\\\/#\\\/schema\\\/logo\\\/image\\\/\"},\"sameAs\":[\"https:\\\/\\\/facebook.com\\\/casaelbychalomhaddad\"]}]}<\/script>\n<!-- \/ Yoast SEO plugin. -->","yoast_head_json":{"title":"Buy and Sell homes in Tel Aviv - Casael Group","description":"Buy and sell homes in Tel Aviv with Casael Group, offering expert guidance and a wide range of properties to meet your needs.","robots":{"index":"index","follow":"follow","max-snippet":"max-snippet:-1","max-image-preview":"max-image-preview:large","max-video-preview":"max-video-preview:-1"},"canonical":"https:\/\/www.casaelgroup.com\/fr\/buy-and-sell-homes-in-tel-aviv\/","og_locale":"fr_FR","og_type":"article","og_title":"Buy and Sell homes in Tel Aviv - Casael Group","og_description":"Buy and sell homes in Tel Aviv with Casael Group, offering expert guidance and a wide range of properties to meet your needs.","og_url":"https:\/\/www.casaelgroup.com\/fr\/buy-and-sell-homes-in-tel-aviv\/","og_site_name":"Casael Group","article_publisher":"https:\/\/facebook.com\/casaelbychalomhaddad","article_modified_time":"2024-12-30T07:40:05+00:00","og_image":[{"width":760,"height":470,"url":"https:\/\/www.casaelgroup.com\/wp-content\/uploads\/2024\/12\/Buy-and-Sell-homes-in-Tel-Aviv.webp","type":"image\/webp"}],"twitter_card":"summary_large_image","twitter_misc":{"Dur\u00e9e de lecture estim\u00e9e":"6 minutes"},"schema":{"@context":"https:\/\/schema.org","@graph":[{"@type":"WebPage","@id":"https:\/\/www.casaelgroup.com\/buy-and-sell-homes-in-tel-aviv\/","url":"https:\/\/www.casaelgroup.com\/buy-and-sell-homes-in-tel-aviv\/","name":"Buy and Sell homes in Tel Aviv - Casael Group","isPartOf":{"@id":"https:\/\/www.casaelgroup.com\/#website"},"primaryImageOfPage":{"@id":"https:\/\/www.casaelgroup.com\/buy-and-sell-homes-in-tel-aviv\/#primaryimage"},"image":{"@id":"https:\/\/www.casaelgroup.com\/buy-and-sell-homes-in-tel-aviv\/#primaryimage"},"thumbnailUrl":"https:\/\/www.casaelgroup.com\/wp-content\/uploads\/2024\/12\/Buy-and-Sell-homes-in-Tel-Aviv.webp","datePublished":"2024-12-30T07:32:11+00:00","dateModified":"2024-12-30T07:40:05+00:00","description":"Buy and sell homes in Tel Aviv with Casael Group, offering expert guidance and a wide range of properties to meet your needs.","breadcrumb":{"@id":"https:\/\/www.casaelgroup.com\/buy-and-sell-homes-in-tel-aviv\/#breadcrumb"},"inLanguage":"fr-FR","potentialAction":[{"@type":"ReadAction","target":["https:\/\/www.casaelgroup.com\/buy-and-sell-homes-in-tel-aviv\/"]}]},{"@type":"ImageObject","inLanguage":"fr-FR","@id":"https:\/\/www.casaelgroup.com\/buy-and-sell-homes-in-tel-aviv\/#primaryimage","url":"https:\/\/www.casaelgroup.com\/wp-content\/uploads\/2024\/12\/Buy-and-Sell-homes-in-Tel-Aviv.webp","contentUrl":"https:\/\/www.casaelgroup.com\/wp-content\/uploads\/2024\/12\/Buy-and-Sell-homes-in-Tel-Aviv.webp","width":760,"height":470,"caption":"Buy and Sell homes in Tel Aviv"},{"@type":"BreadcrumbList","@id":"https:\/\/www.casaelgroup.com\/buy-and-sell-homes-in-tel-aviv\/#breadcrumb","itemListElement":[{"@type":"ListItem","position":1,"name":"Home","item":"https:\/\/www.casaelgroup.com\/"},{"@type":"ListItem","position":2,"name":"Buy and Sell homes in Tel Aviv"}]},{"@type":"WebSite","@id":"https:\/\/www.casaelgroup.com\/#website","url":"https:\/\/www.casaelgroup.com\/","name":"Casael Group","description":"Casael Groupe est le meilleur de l&#039;Immobilier d&#039;entreprise o\u00f9 vous pouvez trouver les biens \u00e0 n&#039;importe quel endroit \u00e0 vendre et \u00e0 louer en fonction de votre budget.","publisher":{"@id":"https:\/\/www.casaelgroup.com\/#organization"},"potentialAction":[{"@type":"SearchAction","target":{"@type":"EntryPoint","urlTemplate":"https:\/\/www.casaelgroup.com\/?s={search_term_string}"},"query-input":{"@type":"PropertyValueSpecification","valueRequired":true,"valueName":"search_term_string"}}],"inLanguage":"fr-FR"},{"@type":"Organization","@id":"https:\/\/www.casaelgroup.com\/#organization","name":"Casael Group","url":"https:\/\/www.casaelgroup.com\/","logo":{"@type":"ImageObject","inLanguage":"fr-FR","@id":"https:\/\/www.casaelgroup.com\/#\/schema\/logo\/image\/","url":"https:\/\/www.casaelgroup.com\/wp-content\/uploads\/2022\/04\/pic12.webp","contentUrl":"https:\/\/www.casaelgroup.com\/wp-content\/uploads\/2022\/04\/pic12.webp","width":1257,"height":912,"caption":"Casael Group"},"image":{"@id":"https:\/\/www.casaelgroup.com\/#\/schema\/logo\/image\/"},"sameAs":["https:\/\/facebook.com\/casaelbychalomhaddad"]}]}},"_links":{"self":[{"href":"https:\/\/www.casaelgroup.com\/fr\/wp-json\/wp\/v2\/pages\/26633","targetHints":{"allow":["GET"]}}],"collection":[{"href":"https:\/\/www.casaelgroup.com\/fr\/wp-json\/wp\/v2\/pages"}],"about":[{"href":"https:\/\/www.casaelgroup.com\/fr\/wp-json\/wp\/v2\/types\/page"}],"author":[{"embeddable":true,"href":"https:\/\/www.casaelgroup.com\/fr\/wp-json\/wp\/v2\/users\/2"}],"replies":[{"embeddable":true,"href":"https:\/\/www.casaelgroup.com\/fr\/wp-json\/wp\/v2\/comments?post=26633"}],"version-history":[{"count":5,"href":"https:\/\/www.casaelgroup.com\/fr\/wp-json\/wp\/v2\/pages\/26633\/revisions"}],"predecessor-version":[{"id":26646,"href":"https:\/\/www.casaelgroup.com\/fr\/wp-json\/wp\/v2\/pages\/26633\/revisions\/26646"}],"wp:featuredmedia":[{"embeddable":true,"href":"https:\/\/www.casaelgroup.com\/fr\/wp-json\/wp\/v2\/media\/26634"}],"wp:attachment":[{"href":"https:\/\/www.casaelgroup.com\/fr\/wp-json\/wp\/v2\/media?parent=26633"}],"curies":[{"name":"wp","href":"https:\/\/api.w.org\/{rel}","templated":true}]}}