{"id":28194,"date":"2025-07-04T10:16:27","date_gmt":"2025-07-04T10:16:27","guid":{"rendered":"https:\/\/www.casaelgroup.com\/?page_id=28194"},"modified":"2025-07-04T10:50:25","modified_gmt":"2025-07-04T10:50:25","slug":"residential-property-for-sale","status":"publish","type":"page","link":"https:\/\/www.casaelgroup.com\/fr\/residential-property-for-sale\/","title":{"rendered":"Residential property for sale"},"content":{"rendered":"\t\t<div data-elementor-type=\"wp-page\" data-elementor-id=\"28194\" class=\"elementor elementor-28194\">\n\t\t\t\t\t\t<section class=\"elementor-section elementor-top-section elementor-element elementor-element-7b8e1ad elementor-section-height-min-height animated-slow elementor-section-boxed elementor-section-height-default elementor-section-items-middle elementor-invisible\" data-id=\"7b8e1ad\" data-element_type=\"section\" data-e-type=\"section\" data-settings=\"{&quot;background_background&quot;:&quot;classic&quot;,&quot;animation&quot;:&quot;fadeIn&quot;}\">\n\t\t\t\t\t\t\t<div class=\"elementor-background-overlay\"><\/div>\n\t\t\t\t\t\t\t<div class=\"elementor-container elementor-column-gap-default\">\n\t\t\t\t\t<div class=\"elementor-column elementor-col-100 elementor-top-column elementor-element elementor-element-f07a603\" data-id=\"f07a603\" data-element_type=\"column\" data-e-type=\"column\">\n\t\t\t<div class=\"elementor-widget-wrap elementor-element-populated\">\n\t\t\t\t\t\t<div class=\"elementor-element elementor-element-c89cc08 elementor-widget elementor-widget-heading\" data-id=\"c89cc08\" data-element_type=\"widget\" data-e-type=\"widget\" data-widget_type=\"heading.default\">\n\t\t\t\t<div class=\"elementor-widget-container\">\n\t\t\t\t\t<h1 class=\"elementor-heading-title elementor-size-default\">Residential property for sale<\/h1>\t\t\t\t<\/div>\n\t\t\t\t<\/div>\n\t\t\t\t\t<\/div>\n\t\t<\/div>\n\t\t\t\t\t<\/div>\n\t\t<\/section>\n\t\t\t\t<section class=\"elementor-section elementor-top-section elementor-element elementor-element-21d60d8 elementor-section-boxed elementor-section-height-default elementor-section-height-default\" data-id=\"21d60d8\" data-element_type=\"section\" data-e-type=\"section\">\n\t\t\t\t\t\t<div class=\"elementor-container elementor-column-gap-default\">\n\t\t\t\t\t<div class=\"elementor-column elementor-col-100 elementor-top-column elementor-element elementor-element-2857d84\" data-id=\"2857d84\" data-element_type=\"column\" data-e-type=\"column\">\n\t\t\t<div class=\"elementor-widget-wrap elementor-element-populated\">\n\t\t\t\t\t\t<div class=\"elementor-element elementor-element-547484b elementor-widget elementor-widget-text-editor\" data-id=\"547484b\" data-element_type=\"widget\" data-e-type=\"widget\" data-widget_type=\"text-editor.default\">\n\t\t\t\t<div class=\"elementor-widget-container\">\n\t\t\t\t\t\t\t\t\t<h2><strong>Residential property for sale<\/strong><\/h2><p data-start=\"0\" data-end=\"448\">If you\u2019re searching for a <strong data-start=\"26\" data-end=\"59\">residential property for sale<\/strong>, Casael Group is your trusted partner in Tel Aviv\u2019s dynamic real estate market. Located at Ben Yehuda 97, our experienced team specializes in helping buyers find the perfect home in one of Israel\u2019s most sought-after cities. Whether you\u2019re a first-time buyer, a growing family, or an investor looking for value and potential, we provide personalized services tailored to your unique needs.<\/p><p data-start=\"450\" data-end=\"976\">At Casael Group, we understand that purchasing a home is a significant life decision. That\u2019s why we guide you through every step of the journey \u2014 from initial consultation and property search to negotiations and closing. Our extensive network and local market knowledge allow us to present hand-picked properties that meet your preferences in location, size, amenities, and budget. With properties ranging from modern city apartments to spacious family homes near the beach, we ensure quality options suited to your lifestyle.<\/p><p data-start=\"1309\" data-end=\"1666\">In addition to property sales, we offer support with legal documentation, mortgage consultations, and market insights to ensure your buying process is smooth and stress-free. Tel Aviv\u2019s residential market continues to grow in demand, and working with a knowledgeable, local agency gives you the advantage in finding the right opportunity at the right price.<\/p><p data-start=\"1668\" data-end=\"1934\" data-is-last-node=\"\" data-is-only-node=\"\">Discover the difference with Casael Group \u2014 where finding your ideal home is more than a transaction, it\u2019s a commitment to excellence. Contact us today or visit our office at Ben Yehuda 97, Tel Aviv, to begin your journey toward owning your perfect home in the city.<\/p><p><strong>For more details and coordination, contact:<\/strong><\/p><p>Shalom :<a href=\"tel:&quot;054-6330521&quot;;\"> 054-6330521<\/a><\/p><p>Noam: <a href=\"tel:&quot;054-7791193&quot;;\">054-7791193<\/a><\/p><p>Or leave a WhatsApp message in the link \ud83d\udc47<br \/><a href=\"http:\/\/wa.me\/972546330521\">wa.me\/972546330521<\/a><\/p><p>Welcome to visit our website:<br \/><a href=\"https:\/\/www.casaelgroup.com\/\">www.casaelgroup.com<\/a><\/p><p>Our address is <a href=\"https:\/\/maps.app.goo.gl\/Eonv2nqhmTc2daC69\">97 Ben Yehuda St. Tel Aviv<\/a><\/p>\t\t\t\t\t\t\t\t<\/div>\n\t\t\t\t<\/div>\n\t\t\t\t\t<\/div>\n\t\t<\/div>\n\t\t\t\t\t<\/div>\n\t\t<\/section>\n\t\t\t\t<section class=\"elementor-section elementor-top-section elementor-element elementor-element-bc385ee elementor-section-boxed elementor-section-height-default elementor-section-height-default\" data-id=\"bc385ee\" data-element_type=\"section\" data-e-type=\"section\">\n\t\t\t\t\t\t<div class=\"elementor-container elementor-column-gap-default\">\n\t\t\t\t\t<div class=\"elementor-column elementor-col-100 elementor-top-column elementor-element elementor-element-6093408\" data-id=\"6093408\" data-element_type=\"column\" data-e-type=\"column\">\n\t\t\t<div class=\"elementor-widget-wrap elementor-element-populated\">\n\t\t\t\t\t\t<div class=\"elementor-element elementor-element-4251213 elementor-widget elementor-widget-houzez_elementor_properties\" data-id=\"4251213\" data-element_type=\"widget\" data-e-type=\"widget\" data-widget_type=\"houzez_elementor_properties.default\">\n\t\t\t\t<div class=\"elementor-widget-container\">\n\t\t\t\t\t\t\t\r\n\t\t<div id=\"properties_module_section\" class=\"property-cards-module property-cards-module-v1 property-cards-module-3-cols\">\r\n\t\t\t<div id=\"module_properties\" class=\"listing-view grid-view card-deck grid-view-3-cols\">\r\n\t\t\t\t<div class=\"item-listing-wrap hz-item-gallery-js card\" data-hz-id=\"hz-28697\" data-images=\"[{&quot;image&quot;:&quot;https:\\\/\\\/www.casaelgroup.com\\\/wp-content\\\/uploads\\\/2025\\\/12\\\/\\u05e9\\u05e2\\u05e8-\\u05e8\\u05e0\\u05d3\\u05d4-\\u05d5\\u05d5-pdf.jpg&quot;,&quot;alt&quot;:&quot;&quot;},{&quot;image&quot;:&quot;https:\\\/\\\/www.casaelgroup.com\\\/wp-content\\\/uploads\\\/2025\\\/12\\\/WhatsApp-Image-2025-12-29-at-14.07.40-592x444.jpeg&quot;,&quot;alt&quot;:&quot;&quot;},{&quot;image&quot;:&quot;https:\\\/\\\/www.casaelgroup.com\\\/wp-content\\\/uploads\\\/2025\\\/12\\\/2-592x444.png&quot;,&quot;alt&quot;:&quot;&quot;}]\">\n\t<div class=\"item-wrap item-wrap-v1 item-wrap-no-frame h-100\">\n\t\t<div class=\"d-flex align-items-center h-100\">\n\t\t\t<div class=\"item-header\">\n\t\t\t\t\t\t\t\t<div class=\"labels-wrap labels-right\"> \n\n\t<a href=\"https:\/\/www.casaelgroup.com\/fr\/status\/a-vendre\/\" class=\"label-status label status-color-29\">\n\t\t\t\t\tFor Sale\n\t\t\t\t<\/a><a href=\"https:\/\/www.casaelgroup.com\/fr\/status\/nouvelle-construction\/\" class=\"label-status label status-color-42\">\n\t\t\t\t\tNew Costruction\n\t\t\t\t<\/a><a href=\"https:\/\/www.casaelgroup.com\/fr\/label\/offre-speciale\/\" class=\"hz-label label label-color-32\">\n\t\t\t\t\tHot Offer\n\t\t\t\t<\/a>       \n\n<\/div>\n\t\t\t\t<ul class=\"item-price-wrap hide-on-list\">\n\t<li class=\"item-price item-price-text\"><\/li><\/ul>\t\t\t\t<ul class=\"item-tools\">\n\n        <li class=\"item-tool item-preview\">\n        <span class=\"hz-show-lightbox-js\" data-listid=\"28697\" data-toggle=\"tooltip\" data-placement=\"top\" title=\"Preview\">\n                <i class=\"houzez-icon icon-expand-3\"><\/i>   \n        <\/span><!-- item-tool-favorite -->\n    <\/li><!-- item-tool -->\n        \n        <li class=\"item-tool item-favorite\">\n        <span class=\"add-favorite-js item-tool-favorite\" data-toggle=\"tooltip\" data-placement=\"top\" title=\"Favourite\" data-listid=\"28697\">\n            <i class=\"houzez-icon icon-love-it \"><\/i> \n        <\/span><!-- item-tool-favorite -->\n    <\/li><!-- item-tool -->\n    \n        <li class=\"item-tool item-compare\">\n        <span class=\"houzez_compare compare-28697 item-tool-compare show-compare-panel\" data-toggle=\"tooltip\" data-placement=\"top\" title=\"Add to Compare\" data-listing_id=\"28697\" data-listing_image=\"https:\/\/www.casaelgroup.com\/wp-content\/uploads\/2025\/12\/\u05e9\u05e2\u05e8-\u05e8\u05e0\u05d3\u05d4-\u05d5\u05d5-pdf.jpg\">\n            <i class=\"houzez-icon icon-add-circle\"><\/i>\n        <\/span><!-- item-tool-compare -->\n    <\/li><!-- item-tool -->\n    <\/ul><!-- item-tools -->\n\t\t\t\t<div class=\"listing-image-wrap\">\n\t<div class=\"listing-thumb\">\n\t\t<a target=_self href=\"https:\/\/www.casaelgroup.com\/fr\/property\/rendez-vous-new-project-in-abarbanel-6-8-st-tel-aviv\/\" class=\"listing-featured-thumb hover-effect\">\n\t\t\t<img fetchpriority=\"high\" decoding=\"async\" width=\"592\" height=\"418\" src=\"https:\/\/www.casaelgroup.com\/wp-content\/uploads\/2025\/12\/\u05e9\u05e2\u05e8-\u05e8\u05e0\u05d3\u05d4-\u05d5\u05d5-pdf.jpg\" class=\"img-fluid wp-post-image\" alt=\"\" \/>\t\t<\/a><!-- hover-effect -->\n\t<\/div>\n<\/div>\n\t\t\t\t<div class=\"preview_loader\"><\/div>\n\t\t\t<\/div><!-- item-header -->\t\n\t\t\t<div class=\"item-body flex-grow-1\">\n\t\t\t\t<div class=\"labels-wrap labels-right\"> \n\n\t<a href=\"https:\/\/www.casaelgroup.com\/fr\/status\/a-vendre\/\" class=\"label-status label status-color-29\">\n\t\t\t\t\tFor Sale\n\t\t\t\t<\/a><a href=\"https:\/\/www.casaelgroup.com\/fr\/status\/nouvelle-construction\/\" class=\"label-status label status-color-42\">\n\t\t\t\t\tNew Costruction\n\t\t\t\t<\/a><a href=\"https:\/\/www.casaelgroup.com\/fr\/label\/offre-speciale\/\" class=\"hz-label label label-color-32\">\n\t\t\t\t\tHot Offer\n\t\t\t\t<\/a>       \n\n<\/div>\n\t\t\t\t<h2 class=\"item-title\">\n\t<a target=_self href=\"https:\/\/www.casaelgroup.com\/fr\/property\/rendez-vous-new-project-in-abarbanel-6-8-st-tel-aviv\/\">&#8220;Rendez-Vous&#8221; New Project In Abarbanel 6-8 st, Tel Aviv<\/a>\n<\/h2><!-- item-title -->\t\t\t\t<ul class=\"item-price-wrap hide-on-list\">\n\t<li class=\"item-price item-price-text\"><\/li><\/ul>\t\t\t\t<address class=\"item-address\"><\/address>\t\t\t\t<ul class=\"item-amenities item-amenities-with-icons\">\n\t<li class=\"h-type\"><span>Apartments<\/span><\/li><\/ul>\t\t\t\t<a class=\"btn btn-primary btn-item \" target=_self href=\"https:\/\/www.casaelgroup.com\/fr\/property\/rendez-vous-new-project-in-abarbanel-6-8-st-tel-aviv\/\">\n\tDetails<\/a><!-- btn-item -->\n\t\t\t\t<div class=\"item-author\">\n\t<i class=\"houzez-icon icon-single-neutral mr-1\"><\/i>\n\t<a href=\"https:\/\/www.casaelgroup.com\/fr\/author\/chalom-haddad\/\">chalom.haddad<\/a> <\/div><!-- item-author -->\n\t\t\t\t<div class=\"item-date\">\n\t<i class=\"houzez-icon icon-attachment mr-1\"><\/i>\n\til y a4 mois<\/div><!-- item-date -->\n\t\t\t<\/div><!-- item-body -->\n\n\t\t\t\t\t\t<div class=\"item-footer clearfix\">\n\t\t\t\t<div class=\"item-author\">\n\t<i class=\"houzez-icon icon-single-neutral mr-1\"><\/i>\n\t<a href=\"https:\/\/www.casaelgroup.com\/fr\/author\/chalom-haddad\/\">chalom.haddad<\/a> <\/div><!-- item-author -->\n\t\t\t\t<div class=\"item-date\">\n\t<i class=\"houzez-icon icon-attachment mr-1\"><\/i>\n\til y a4 mois<\/div><!-- item-date -->\n\t\t\t<\/div>\n\t\t\t\t\t<\/div><!-- d-flex -->\n\t<\/div><!-- item-wrap -->\n<\/div><!-- item-listing-wrap -->\r\n\t\t\t<\/div><!-- listing-view -->\r\n\r\n\t\t\t\t\t\t\t<div id=\"fave-pagination-loadmore\" class=\"load-more-wrap fave-load-more\">\r\n                    <a class=\"btn btn-primary-outlined btn-load-more\"  \r\n                    data-paged=\"2\" \r\n                    data-prop-limit=\"9\" \r\n                    data-card=\"item-v1\" \r\n                    data-type=\"\" \r\n                    data-status=\"\" \r\n                    data-state=\"\" \r\n                    data-city=\"\" \r\n                    data-country=\"\" \r\n                    data-area=\"\" \r\n                    data-label=\"\" \r\n                    data-user-role=\"\" \r\n                    data-featured-prop=\"\" \r\n                    data-offset=\"\"\r\n                    data-sortby=\"\"\r\n                    href=\"#\">\r\n                    \t<span class=\"btn-loader houzez-loader-js\"><\/span>                    \tCharger plus\t\t\r\n                    <\/a>               \r\n\t\t\t\t<\/div><!-- load-more-wrap -->\r\n\t\t\t\t\t<\/div><!-- property-grid-module -->\r\n\r\n\t\t\t\t\t\t<\/div>\n\t\t\t\t<\/div>\n\t\t\t\t\t<\/div>\n\t\t<\/div>\n\t\t\t\t\t<\/div>\n\t\t<\/section>\n\t\t\t\t<\/div>\n\t\t","protected":false},"excerpt":{"rendered":"<p>Residential property for sale Residential property for sale If you\u2019re searching for a residential property for sale, Casael Group is your trusted partner in Tel Aviv\u2019s dynamic real estate market. Located at Ben Yehuda 97, our experienced team specializes in helping buyers find the perfect home in one of Israel\u2019s most sought-after cities. Whether you\u2019re [&hellip;]<\/p>\n","protected":false},"author":2,"featured_media":0,"parent":0,"menu_order":0,"comment_status":"closed","ping_status":"closed","template":"elementor_header_footer","meta":{"footnotes":""},"class_list":["post-28194","page","type-page","status-publish","hentry"],"yoast_head":"<!-- This site is optimized with the Yoast SEO plugin v27.4 - https:\/\/yoast.com\/product\/yoast-seo-wordpress\/ -->\n<title>Residential property for sale<\/title>\n<meta name=\"description\" content=\"Find your dream home today! Explore residential property for sale in top locations with trusted real estate experts.\" \/>\n<meta name=\"robots\" content=\"index, follow, max-snippet:-1, max-image-preview:large, max-video-preview:-1\" \/>\n<link rel=\"canonical\" href=\"https:\/\/www.casaelgroup.com\/fr\/residential-property-for-sale\/\" \/>\n<meta property=\"og:locale\" content=\"fr_FR\" \/>\n<meta property=\"og:type\" content=\"article\" \/>\n<meta property=\"og:title\" content=\"Residential property for sale\" \/>\n<meta property=\"og:description\" content=\"Find your dream home today! Explore residential property for sale in top locations with trusted real estate experts.\" \/>\n<meta property=\"og:url\" content=\"https:\/\/www.casaelgroup.com\/fr\/residential-property-for-sale\/\" \/>\n<meta property=\"og:site_name\" content=\"Casael Group\" \/>\n<meta property=\"article:publisher\" content=\"https:\/\/facebook.com\/casaelbychalomhaddad\" \/>\n<meta property=\"article:modified_time\" content=\"2025-07-04T10:50:25+00:00\" \/>\n<meta property=\"og:image\" content=\"https:\/\/www.casaelgroup.com\/wp-content\/uploads\/2025\/07\/Residential-property-for-sa.webp\" \/>\n\t<meta property=\"og:image:width\" content=\"1200\" \/>\n\t<meta property=\"og:image:height\" content=\"600\" \/>\n\t<meta property=\"og:image:type\" content=\"image\/webp\" \/>\n<meta name=\"twitter:card\" content=\"summary_large_image\" \/>\n<meta name=\"twitter:label1\" content=\"Dur\u00e9e de lecture estim\u00e9e\" \/>\n\t<meta name=\"twitter:data1\" content=\"5 minutes\" \/>\n<script type=\"application\/ld+json\" class=\"yoast-schema-graph\">{\"@context\":\"https:\\\/\\\/schema.org\",\"@graph\":[{\"@type\":\"WebPage\",\"@id\":\"https:\\\/\\\/www.casaelgroup.com\\\/residential-property-for-sale\\\/\",\"url\":\"https:\\\/\\\/www.casaelgroup.com\\\/residential-property-for-sale\\\/\",\"name\":\"Residential property for sale\",\"isPartOf\":{\"@id\":\"https:\\\/\\\/www.casaelgroup.com\\\/#website\"},\"primaryImageOfPage\":{\"@id\":\"https:\\\/\\\/www.casaelgroup.com\\\/residential-property-for-sale\\\/#primaryimage\"},\"image\":{\"@id\":\"https:\\\/\\\/www.casaelgroup.com\\\/residential-property-for-sale\\\/#primaryimage\"},\"thumbnailUrl\":\"https:\\\/\\\/www.casaelgroup.com\\\/wp-content\\\/uploads\\\/2025\\\/03\\\/WhatsApp-Image-2025-01-28-at-09.16.09-3-592x444.jpeg\",\"datePublished\":\"2025-07-04T10:16:27+00:00\",\"dateModified\":\"2025-07-04T10:50:25+00:00\",\"description\":\"Find your dream home today! Explore residential property for sale in top locations with trusted real estate experts.\",\"breadcrumb\":{\"@id\":\"https:\\\/\\\/www.casaelgroup.com\\\/residential-property-for-sale\\\/#breadcrumb\"},\"inLanguage\":\"fr-FR\",\"potentialAction\":[{\"@type\":\"ReadAction\",\"target\":[\"https:\\\/\\\/www.casaelgroup.com\\\/residential-property-for-sale\\\/\"]}]},{\"@type\":\"ImageObject\",\"inLanguage\":\"fr-FR\",\"@id\":\"https:\\\/\\\/www.casaelgroup.com\\\/residential-property-for-sale\\\/#primaryimage\",\"url\":\"https:\\\/\\\/www.casaelgroup.com\\\/wp-content\\\/uploads\\\/2025\\\/03\\\/WhatsApp-Image-2025-01-28-at-09.16.09-3-592x444.jpeg\",\"contentUrl\":\"https:\\\/\\\/www.casaelgroup.com\\\/wp-content\\\/uploads\\\/2025\\\/03\\\/WhatsApp-Image-2025-01-28-at-09.16.09-3-592x444.jpeg\"},{\"@type\":\"BreadcrumbList\",\"@id\":\"https:\\\/\\\/www.casaelgroup.com\\\/residential-property-for-sale\\\/#breadcrumb\",\"itemListElement\":[{\"@type\":\"ListItem\",\"position\":1,\"name\":\"Home\",\"item\":\"https:\\\/\\\/www.casaelgroup.com\\\/\"},{\"@type\":\"ListItem\",\"position\":2,\"name\":\"Residential property for sale\"}]},{\"@type\":\"WebSite\",\"@id\":\"https:\\\/\\\/www.casaelgroup.com\\\/#website\",\"url\":\"https:\\\/\\\/www.casaelgroup.com\\\/\",\"name\":\"Casael Group\",\"description\":\"Casael Group is the best Real Estate company where you can find any property at any place for sale and rent according to your budget.\",\"publisher\":{\"@id\":\"https:\\\/\\\/www.casaelgroup.com\\\/#organization\"},\"potentialAction\":[{\"@type\":\"SearchAction\",\"target\":{\"@type\":\"EntryPoint\",\"urlTemplate\":\"https:\\\/\\\/www.casaelgroup.com\\\/?s={search_term_string}\"},\"query-input\":{\"@type\":\"PropertyValueSpecification\",\"valueRequired\":true,\"valueName\":\"search_term_string\"}}],\"inLanguage\":\"fr-FR\"},{\"@type\":\"Organization\",\"@id\":\"https:\\\/\\\/www.casaelgroup.com\\\/#organization\",\"name\":\"Casael Group\",\"url\":\"https:\\\/\\\/www.casaelgroup.com\\\/\",\"logo\":{\"@type\":\"ImageObject\",\"inLanguage\":\"fr-FR\",\"@id\":\"https:\\\/\\\/www.casaelgroup.com\\\/#\\\/schema\\\/logo\\\/image\\\/\",\"url\":\"https:\\\/\\\/www.casaelgroup.com\\\/wp-content\\\/uploads\\\/2022\\\/04\\\/pic12.webp\",\"contentUrl\":\"https:\\\/\\\/www.casaelgroup.com\\\/wp-content\\\/uploads\\\/2022\\\/04\\\/pic12.webp\",\"width\":1257,\"height\":912,\"caption\":\"Casael Group\"},\"image\":{\"@id\":\"https:\\\/\\\/www.casaelgroup.com\\\/#\\\/schema\\\/logo\\\/image\\\/\"},\"sameAs\":[\"https:\\\/\\\/facebook.com\\\/casaelbychalomhaddad\"]}]}<\/script>\n<!-- \/ Yoast SEO plugin. -->","yoast_head_json":{"title":"Residential property for sale","description":"Find your dream home today! Explore residential property for sale in top locations with trusted real estate experts.","robots":{"index":"index","follow":"follow","max-snippet":"max-snippet:-1","max-image-preview":"max-image-preview:large","max-video-preview":"max-video-preview:-1"},"canonical":"https:\/\/www.casaelgroup.com\/fr\/residential-property-for-sale\/","og_locale":"fr_FR","og_type":"article","og_title":"Residential property for sale","og_description":"Find your dream home today! Explore residential property for sale in top locations with trusted real estate experts.","og_url":"https:\/\/www.casaelgroup.com\/fr\/residential-property-for-sale\/","og_site_name":"Casael Group","article_publisher":"https:\/\/facebook.com\/casaelbychalomhaddad","article_modified_time":"2025-07-04T10:50:25+00:00","og_image":[{"width":1200,"height":600,"url":"https:\/\/www.casaelgroup.com\/wp-content\/uploads\/2025\/07\/Residential-property-for-sa.webp","type":"image\/webp"}],"twitter_card":"summary_large_image","twitter_misc":{"Dur\u00e9e de lecture estim\u00e9e":"5 minutes"},"schema":{"@context":"https:\/\/schema.org","@graph":[{"@type":"WebPage","@id":"https:\/\/www.casaelgroup.com\/residential-property-for-sale\/","url":"https:\/\/www.casaelgroup.com\/residential-property-for-sale\/","name":"Residential property for sale","isPartOf":{"@id":"https:\/\/www.casaelgroup.com\/#website"},"primaryImageOfPage":{"@id":"https:\/\/www.casaelgroup.com\/residential-property-for-sale\/#primaryimage"},"image":{"@id":"https:\/\/www.casaelgroup.com\/residential-property-for-sale\/#primaryimage"},"thumbnailUrl":"https:\/\/www.casaelgroup.com\/wp-content\/uploads\/2025\/03\/WhatsApp-Image-2025-01-28-at-09.16.09-3-592x444.jpeg","datePublished":"2025-07-04T10:16:27+00:00","dateModified":"2025-07-04T10:50:25+00:00","description":"Find your dream home today! Explore residential property for sale in top locations with trusted real estate experts.","breadcrumb":{"@id":"https:\/\/www.casaelgroup.com\/residential-property-for-sale\/#breadcrumb"},"inLanguage":"fr-FR","potentialAction":[{"@type":"ReadAction","target":["https:\/\/www.casaelgroup.com\/residential-property-for-sale\/"]}]},{"@type":"ImageObject","inLanguage":"fr-FR","@id":"https:\/\/www.casaelgroup.com\/residential-property-for-sale\/#primaryimage","url":"https:\/\/www.casaelgroup.com\/wp-content\/uploads\/2025\/03\/WhatsApp-Image-2025-01-28-at-09.16.09-3-592x444.jpeg","contentUrl":"https:\/\/www.casaelgroup.com\/wp-content\/uploads\/2025\/03\/WhatsApp-Image-2025-01-28-at-09.16.09-3-592x444.jpeg"},{"@type":"BreadcrumbList","@id":"https:\/\/www.casaelgroup.com\/residential-property-for-sale\/#breadcrumb","itemListElement":[{"@type":"ListItem","position":1,"name":"Home","item":"https:\/\/www.casaelgroup.com\/"},{"@type":"ListItem","position":2,"name":"Residential property for sale"}]},{"@type":"WebSite","@id":"https:\/\/www.casaelgroup.com\/#website","url":"https:\/\/www.casaelgroup.com\/","name":"Casael Group","description":"Casael Groupe est le meilleur de l&#039;Immobilier d&#039;entreprise o\u00f9 vous pouvez trouver les biens \u00e0 n&#039;importe quel endroit \u00e0 vendre et \u00e0 louer en fonction de votre budget.","publisher":{"@id":"https:\/\/www.casaelgroup.com\/#organization"},"potentialAction":[{"@type":"SearchAction","target":{"@type":"EntryPoint","urlTemplate":"https:\/\/www.casaelgroup.com\/?s={search_term_string}"},"query-input":{"@type":"PropertyValueSpecification","valueRequired":true,"valueName":"search_term_string"}}],"inLanguage":"fr-FR"},{"@type":"Organization","@id":"https:\/\/www.casaelgroup.com\/#organization","name":"Casael Group","url":"https:\/\/www.casaelgroup.com\/","logo":{"@type":"ImageObject","inLanguage":"fr-FR","@id":"https:\/\/www.casaelgroup.com\/#\/schema\/logo\/image\/","url":"https:\/\/www.casaelgroup.com\/wp-content\/uploads\/2022\/04\/pic12.webp","contentUrl":"https:\/\/www.casaelgroup.com\/wp-content\/uploads\/2022\/04\/pic12.webp","width":1257,"height":912,"caption":"Casael Group"},"image":{"@id":"https:\/\/www.casaelgroup.com\/#\/schema\/logo\/image\/"},"sameAs":["https:\/\/facebook.com\/casaelbychalomhaddad"]}]}},"_links":{"self":[{"href":"https:\/\/www.casaelgroup.com\/fr\/wp-json\/wp\/v2\/pages\/28194","targetHints":{"allow":["GET"]}}],"collection":[{"href":"https:\/\/www.casaelgroup.com\/fr\/wp-json\/wp\/v2\/pages"}],"about":[{"href":"https:\/\/www.casaelgroup.com\/fr\/wp-json\/wp\/v2\/types\/page"}],"author":[{"embeddable":true,"href":"https:\/\/www.casaelgroup.com\/fr\/wp-json\/wp\/v2\/users\/2"}],"replies":[{"embeddable":true,"href":"https:\/\/www.casaelgroup.com\/fr\/wp-json\/wp\/v2\/comments?post=28194"}],"version-history":[{"count":5,"href":"https:\/\/www.casaelgroup.com\/fr\/wp-json\/wp\/v2\/pages\/28194\/revisions"}],"predecessor-version":[{"id":28213,"href":"https:\/\/www.casaelgroup.com\/fr\/wp-json\/wp\/v2\/pages\/28194\/revisions\/28213"}],"wp:attachment":[{"href":"https:\/\/www.casaelgroup.com\/fr\/wp-json\/wp\/v2\/media?parent=28194"}],"curies":[{"name":"wp","href":"https:\/\/api.w.org\/{rel}","templated":true}]}}